{"id":20,"date":"2012-06-25T15:32:25","date_gmt":"2012-06-25T14:32:25","guid":{"rendered":"http:\/\/www.stefanome.it\/blog\/?page_id=20"},"modified":"2018-03-15T16:40:42","modified_gmt":"2018-03-15T15:40:42","slug":"about","status":"publish","type":"page","link":"http:\/\/www.stefanome.it\/blog\/?page_id=20","title":{"rendered":"Blog"},"content":{"rendered":"<h2><\/h2>\n<div>\n<p>Queste pagine nascono originariamente per contenere la raccolta delle notizie e degli aggiornamenti inerenti al sito web stefanome.it ed alle sue webcam. Vi sono infatti raccolte tutte le notizie che erano precedentemente riportate nella pagina delle &#8220;news&#8221; dal lontano 2005 fino al Luglio 2012.<\/p>\n<p>Ma, pensandoci meglio, per prima cosa sticazzi vigorosi; a chi frega delle notizie delle mie webcam ? \u00a0Per questo esercizio totalmente inutile\u00a0pago ben <em>\u20ac39 all&#8217;anno<\/em> per il dominio e circa <em>$30 all&#8217;anno<\/em> per il redirect del blog. E che cazzo; allora ho deciso di scrivere qui anche altre cose che con le webcam non c&#8217;entrano nulla.<\/p>\n<p>Questo blog contiene infatti profanazioni, sfoghi e opinioni discutibili su qualsiasi argomento, errori di ortografia e di sintassi, scadenti tentativi di fare lo spiritoso e foto di gatti. Se tutto ci\u00f2 vi da fastidio, andatevene ORA. Perch\u00e8 questo blog \u00e8 mio,\u00a0<span style=\"line-height: 24px;\">tutti sono i benvenuti ma\u00a0<\/span>nessuno \u00e8 obbligato\u00a0a visitarlo.<\/p>\n<p>Chi pertanto guarda le webcam, legge queste pagine ed ha qualcosa da dire in merito alle webcam ma anche in merito a qualsiasi altro argomento apparso in questo Blog, lo pu\u00f2 scrivere su queste pagine, aggiungendo i propri commenti in modo che tutti possano leggerli. NON ci si deve registrare, NON si deve fornire e-mail, NON si devono fornire credenziali o essere iscritto a social forums. Si possono mandare messaggi in forma totalmente anonima.<\/p>\n<p><span style=\"text-decoration: underline;\">TUTTAVIA <\/span>\u00e8 chiaro che tutti i \u00a0messaggi verranno letti da me prima di venir pubblicati. Applico una censura emotiva, soggettiva, ombelicale e non \u00e8 detto che il messaggio venga alla fine pubblicato. Chi vuole evitare censure va su Facebook, o quasi.<\/p>\n<\/div>\n","protected":false},"excerpt":{"rendered":"<p>Queste pagine nascono originariamente per contenere la raccolta delle notizie e degli aggiornamenti inerenti al sito web stefanome.it ed alle sue webcam. Vi sono infatti raccolte tutte le notizie che erano precedentemente riportate nella pagina delle &#8220;news&#8221; dal lontano 2005 &hellip; <a href=\"http:\/\/www.stefanome.it\/blog\/?page_id=20\">Continue reading <span class=\"meta-nav\">&rarr;<\/span><\/a><\/p>\n","protected":false},"author":1,"featured_media":0,"parent":0,"menu_order":1,"comment_status":"closed","ping_status":"closed","template":"","meta":{"footnotes":""},"class_list":["post-20","page","type-page","status-publish","hentry"],"_links":{"self":[{"href":"http:\/\/www.stefanome.it\/blog\/index.php?rest_route=\/wp\/v2\/pages\/20","targetHints":{"allow":["GET"]}}],"collection":[{"href":"http:\/\/www.stefanome.it\/blog\/index.php?rest_route=\/wp\/v2\/pages"}],"about":[{"href":"http:\/\/www.stefanome.it\/blog\/index.php?rest_route=\/wp\/v2\/types\/page"}],"author":[{"embeddable":true,"href":"http:\/\/www.stefanome.it\/blog\/index.php?rest_route=\/wp\/v2\/users\/1"}],"replies":[{"embeddable":true,"href":"http:\/\/www.stefanome.it\/blog\/index.php?rest_route=%2Fwp%2Fv2%2Fcomments&post=20"}],"version-history":[{"count":29,"href":"http:\/\/www.stefanome.it\/blog\/index.php?rest_route=\/wp\/v2\/pages\/20\/revisions"}],"predecessor-version":[{"id":14780,"href":"http:\/\/www.stefanome.it\/blog\/index.php?rest_route=\/wp\/v2\/pages\/20\/revisions\/14780"}],"wp:attachment":[{"href":"http:\/\/www.stefanome.it\/blog\/index.php?rest_route=%2Fwp%2Fv2%2Fmedia&parent=20"}],"curies":[{"name":"wp","href":"https:\/\/api.w.org\/{rel}","templated":true}]}}